{"id":179,"date":"2023-09-08T18:45:51","date_gmt":"2023-09-08T17:45:51","guid":{"rendered":"https:\/\/kalwell.com\/?page_id=179"},"modified":"2023-09-20T22:54:08","modified_gmt":"2023-09-20T20:54:08","slug":"faq","status":"publish","type":"page","link":"https:\/\/kalwell.com\/index.php\/faq\/","title":{"rendered":"Om oss"},"content":{"rendered":"<div class=\"wp-block-image\">\n<figure class=\"aligncenter size-large\"><img decoding=\"async\" loading=\"lazy\" width=\"1024\" height=\"576\" src=\"https:\/\/kalwell.com\/wp-content\/uploads\/2023\/09\/3-1024x576.jpg\" alt=\"\" class=\"wp-image-360\" srcset=\"https:\/\/kalwell.com\/wp-content\/uploads\/2023\/09\/3-1024x576.jpg 1024w, https:\/\/kalwell.com\/wp-content\/uploads\/2023\/09\/3-300x169.jpg 300w, https:\/\/kalwell.com\/wp-content\/uploads\/2023\/09\/3-768x432.jpg 768w, https:\/\/kalwell.com\/wp-content\/uploads\/2023\/09\/3-1536x864.jpg 1536w, https:\/\/kalwell.com\/wp-content\/uploads\/2023\/09\/3-1320x743.jpg 1320w, https:\/\/kalwell.com\/wp-content\/uploads\/2023\/09\/3-416x234.jpg 416w, https:\/\/kalwell.com\/wp-content\/uploads\/2023\/09\/3.jpg 1920w\" sizes=\"(max-width: 1024px) 100vw, 1024px\" \/><\/figure><\/div>\n\n\n<p class=\"has-text-align-left\"><strong>Kalwell <\/strong>\u00e4r ett f\u00f6retag som specialiserar sig p\u00e5 att erbjuda sk\u00f6nhetsprodukter till bra priser. Vi startade v\u00e5r verksamhet i den vackra staden Trosa och har sedan dess arbetat h\u00e5rt f\u00f6r att erbjuda v\u00e5ra kunder ett brett utbud av h\u00f6gkvalitativa sk\u00f6nhetsprodukter till \u00f6verkomliga priser.<\/p>\n\n\n\n<p class=\"has-text-align-left\">Vi p\u00e5 <strong>Kalwell <\/strong>tror att sk\u00f6nhet inte ska vara f\u00f6rbeh\u00e5llet de f\u00e5 och privilegierade. Alla f\u00f6rtj\u00e4nar att kunna ta hand om sig sj\u00e4lva och k\u00e4nna sig vackra, oavsett budget. D\u00e4rf\u00f6r har vi str\u00e4vat efter att erbjuda ett sortiment av sk\u00f6nhetsprodukter som passar alla, oavsett om du \u00e4r en erfaren sk\u00f6nhetsentusiast eller bara nyb\u00f6rjare.<\/p>\n\n\n\n<p class=\"has-text-align-left\">V\u00e5rt sortiment inkluderar allt fr\u00e5n makeup till hudv\u00e5rd och h\u00e5rv\u00e5rd. Vi samarbetar med v\u00e4lk\u00e4nda varum\u00e4rken och v\u00e4ljer noggrant ut produkter som \u00e4r av h\u00f6g kvalitet. Vi tror p\u00e5 att erbjuda v\u00e5ra kunder ett brett utbud av valm\u00f6jligheter, s\u00e5 att var och en kan hitta sina favoritprodukter hos oss.<\/p>\n\n\n\n<p class=\"has-text-align-left\">P\u00e5 Kalwell \u00e4r vi inte bara fokuserade p\u00e5 att erbjuda bra produkter till bra priser, utan vi \u00e4r ocks\u00e5 engagerade i h\u00e5llbarhet och milj\u00f6v\u00e4nlighet. Vi str\u00e4var efter att v\u00e4lja produkter och varum\u00e4rken som \u00e4r cruelty-free och som tar h\u00e4nsyn till milj\u00f6n. Vi tror att sk\u00f6nhet inte ska komma p\u00e5 bekostnad av naturen.<\/p>\n\n\n\n<p class=\"has-text-align-left\">S\u00e5 oavsett om du letar efter en ny hudkr\u00e4m, en fantastisk mascara eller en h\u00e5rolja, kan du lita p\u00e5 att Kalwell har n\u00e5got f\u00f6r dig. Vi \u00e4r stolta \u00f6ver att erbjuda sk\u00f6nhetsprodukter av h\u00f6g kvalitet till bra priser och vi ser fram emot att hj\u00e4lpa dig att uppt\u00e4cka din sk\u00f6nhet.<\/p>\n","protected":false},"excerpt":{"rendered":"<p>Kalwell \u00e4r ett f\u00f6retag som specialiserar sig p\u00e5 att erbjuda sk\u00f6nhetsprodukter till bra priser. Vi startade v\u00e5r verksamhet i den vackra staden Trosa och har sedan dess arbetat h\u00e5rt f\u00f6r att erbjuda v\u00e5ra kunder ett brett utbud av h\u00f6gkvalitativa sk\u00f6nhetsprodukter till \u00f6verkomliga priser. Vi p\u00e5 Kalwell tror att sk\u00f6nhet inte ska vara f\u00f6rbeh\u00e5llet de f\u00e5 [&hellip;]<\/p>\n","protected":false},"author":1,"featured_media":0,"parent":0,"menu_order":0,"comment_status":"closed","ping_status":"closed","template":"","meta":{"om_disable_all_campaigns":false,"_monsterinsights_skip_tracking":false,"_monsterinsights_sitenote_active":false,"_monsterinsights_sitenote_note":"","_monsterinsights_sitenote_category":0,"footnotes":""},"aioseo_notices":[],"_links":{"self":[{"href":"https:\/\/kalwell.com\/index.php\/wp-json\/wp\/v2\/pages\/179"}],"collection":[{"href":"https:\/\/kalwell.com\/index.php\/wp-json\/wp\/v2\/pages"}],"about":[{"href":"https:\/\/kalwell.com\/index.php\/wp-json\/wp\/v2\/types\/page"}],"author":[{"embeddable":true,"href":"https:\/\/kalwell.com\/index.php\/wp-json\/wp\/v2\/users\/1"}],"replies":[{"embeddable":true,"href":"https:\/\/kalwell.com\/index.php\/wp-json\/wp\/v2\/comments?post=179"}],"version-history":[{"count":10,"href":"https:\/\/kalwell.com\/index.php\/wp-json\/wp\/v2\/pages\/179\/revisions"}],"predecessor-version":[{"id":366,"href":"https:\/\/kalwell.com\/index.php\/wp-json\/wp\/v2\/pages\/179\/revisions\/366"}],"wp:attachment":[{"href":"https:\/\/kalwell.com\/index.php\/wp-json\/wp\/v2\/media?parent=179"}],"curies":[{"name":"wp","href":"https:\/\/api.w.org\/{rel}","templated":true}]}}