{"id":331,"date":"2023-09-19T18:01:41","date_gmt":"2023-09-19T16:01:41","guid":{"rendered":"https:\/\/kalwell.com\/?post_type=product&#038;p=331"},"modified":"2023-09-19T18:03:37","modified_gmt":"2023-09-19T16:03:37","slug":"om-she-milk-honey-body-souffle","status":"publish","type":"product","link":"https:\/\/kalwell.com\/index.php\/product\/om-she-milk-honey-body-souffle\/","title":{"rendered":"Om SHE  milk &#038; honey Body souffle"},"content":{"rendered":"<p>V\u00e4lkommen till Om SHE Moisturising Body Souffl\u00e9 &#8211; Milk &amp; Honey, en oemotst\u00e5ndligt rik och kr\u00e4mig upplevelse f\u00f6r din hud. Denna lyxiga kroppssouffl\u00e9 \u00e4r framtagen f\u00f6r att ge din hud en djup och varaktig \u00e5terfuktning. Berikad med det naturliga godhetsduon mj\u00f6lk och honung, l\u00e4mnar den din hud smidig, silkeslen och k\u00e4rleksfullt v\u00e5r omh\u00e4ndertagen.<\/p>\n<p><strong>F\u00f6rdelar med Om SHE \u00c5terfuktande Body Souffl\u00e9 &#8211; Mj\u00f6lk &amp; Honung:<\/strong><\/p>\n<ul>\n<li><strong>Intensiv \u00c5terfuktning:<\/strong> V\u00e5r formula \u00e4r en k\u00e4lla till \u00f6verd\u00e5dig fukt. Den g\u00e5r djupt in i din hud och l\u00e4mnar den n\u00e4rande hydrerad under l\u00e5ng tid.<\/li>\n<li><strong>Mjukhet och Smidighet:<\/strong> Mj\u00f6lk och honung \u00e4r k\u00e4nda f\u00f6r sina mjukg\u00f6rande egenskaper. Denna kroppssouffl\u00e9 hj\u00e4lper din hud att bevara sin naturliga mjukhet och smidighet.<\/li>\n<li><strong>Oemotst\u00e5ndlig Doft:<\/strong> Upplev den ljuva och f\u00f6rf\u00f6riska doften av mj\u00f6lk och honung. Varje applicering blir till en sinnlig och avkopplande aromaterapi.<\/li>\n<li><strong>Snabb Absorption:<\/strong> Trots sin rika konsistens absorberas Om SHE \u00c5terfuktande Body Souffl\u00e9 snabbt och l\u00e4mnar din hud \u00e5terfuktad utan kladd.<\/li>\n<\/ul>\n<p><strong>S\u00e5 h\u00e4r anv\u00e4nder du:<\/strong><\/p>\n<p>Applicera gener\u00f6st \u00f6ver hela din kropp, s\u00e4rskilt p\u00e5 torra omr\u00e5den. Massera f\u00f6rsiktigt tills souffl\u00e9n absorberats helt. Anv\u00e4nd n\u00e4r som helst p\u00e5 dagen f\u00f6r att ge din hud en k\u00e4rleksfull omfamning av mjukhet.<\/p>\n","protected":false},"excerpt":{"rendered":"<p>V\u00e4lkommen till Om SHE Moisturising Body Souffl\u00e9 &#8211; Milk &amp; Honey, en oemotst\u00e5ndligt rik och kr\u00e4mig upplevelse f\u00f6r din hud. Denna lyxiga kroppssouffl\u00e9 \u00e4r framtagen f\u00f6r att ge din hud en djup och varaktig \u00e5terfuktning. Berikad med det naturliga godhetsduon mj\u00f6lk och honung, l\u00e4mnar den din hud smidig, silkeslen och k\u00e4rleksfullt v\u00e5r omh\u00e4ndertagen. F\u00f6rdelar med [&hellip;]<\/p>\n","protected":false},"featured_media":333,"comment_status":"open","ping_status":"closed","template":"","meta":{"om_disable_all_campaigns":false,"_monsterinsights_skip_tracking":false,"_monsterinsights_sitenote_active":false,"_monsterinsights_sitenote_note":"","_monsterinsights_sitenote_category":0},"product_cat":[21],"product_tag":[68,67],"aioseo_notices":[],"_links":{"self":[{"href":"https:\/\/kalwell.com\/index.php\/wp-json\/wp\/v2\/product\/331"}],"collection":[{"href":"https:\/\/kalwell.com\/index.php\/wp-json\/wp\/v2\/product"}],"about":[{"href":"https:\/\/kalwell.com\/index.php\/wp-json\/wp\/v2\/types\/product"}],"replies":[{"embeddable":true,"href":"https:\/\/kalwell.com\/index.php\/wp-json\/wp\/v2\/comments?post=331"}],"wp:featuredmedia":[{"embeddable":true,"href":"https:\/\/kalwell.com\/index.php\/wp-json\/wp\/v2\/media\/333"}],"wp:attachment":[{"href":"https:\/\/kalwell.com\/index.php\/wp-json\/wp\/v2\/media?parent=331"}],"wp:term":[{"taxonomy":"product_cat","embeddable":true,"href":"https:\/\/kalwell.com\/index.php\/wp-json\/wp\/v2\/product_cat?post=331"},{"taxonomy":"product_tag","embeddable":true,"href":"https:\/\/kalwell.com\/index.php\/wp-json\/wp\/v2\/product_tag?post=331"}],"curies":[{"name":"wp","href":"https:\/\/api.w.org\/{rel}","templated":true}]}}